{"id":4985,"date":"2025-06-29T22:09:13","date_gmt":"2025-06-29T22:09:13","guid":{"rendered":"https:\/\/liftingtheveilwebsite.com\/?page_id=4985"},"modified":"2025-06-29T22:14:11","modified_gmt":"2025-06-29T22:14:11","slug":"elementor-4475","status":"publish","type":"page","link":"https:\/\/liftingtheveilwebsite.com\/es\/elementor-4475\/","title":{"rendered":"Distorsi\u00f3n Cognitiva: Pensamiento de Todo o Nada"},"content":{"rendered":"<div data-elementor-type=\"wp-page\" data-elementor-id=\"4985\" class=\"elementor elementor-4985\" data-elementor-post-type=\"page\">\n\t\t\t\t<div class=\"elementor-element elementor-element-581efa7 e-flex e-con-boxed e-con e-parent\" data-id=\"581efa7\" data-element_type=\"container\" data-e-type=\"container\">\n\t\t\t\t\t<div class=\"e-con-inner\">\n\t\t\t\t<div class=\"elementor-element elementor-element-d549059 elementor-widget elementor-widget-text-editor\" data-id=\"d549059\" data-element_type=\"widget\" data-e-type=\"widget\" data-widget_type=\"text-editor.default\">\n\t\t\t\t<div class=\"elementor-widget-container\">\n\t\t\t\t\t\t\t\t\t<h2><span style=\"font-weight: 400;\">Distorsi\u00f3n Cognitiva: Pensamiento de Todo o Nada<\/span><\/h2><h3><b>\u00bfQu\u00e9 es el Pensamiento de Todo o Nada?<\/b><\/h3><p><span style=\"font-weight: 400;\">El pensamiento de todo o nada, tambi\u00e9n conocido como pensamiento en blanco y negro o pensamiento polarizado, es el h\u00e1bito mental de ver todo desde los extremos. O eres un \u00e9xito rotundo o un fracaso total. Las cosas salen a la perfecci\u00f3n o son un desastre.<\/span><\/p><p><span style=\"font-weight: 400;\">Esta distorsi\u00f3n a menudo se disfraza de altos est\u00e1ndares o de &#8220;simplemente querer hacerlo bien&#8221;, pero en realidad es una trampa mental que conduce al agotamiento, la verg\u00fcenza y la desconexi\u00f3n espiritual. Cuando uno se queda atrapado en esta distorsi\u00f3n cognitiva, la ilusi\u00f3n de perfecci\u00f3n se convierte en una prisi\u00f3n. Este patr\u00f3n de pensamiento nos desmorona.<\/span><\/p><p><span style=\"font-weight: 400;\">\u00bfQu\u00e9 sucede cuando dar lo mejor de uno nunca es suficiente?<\/span><\/p><p><span style=\"font-weight: 400;\">\u00bfC\u00f3mo vivir en un mundo donde un peque\u00f1o error borra todo el esfuerzo?<\/span><\/p><p><span style=\"font-weight: 400;\">Al enemigo le encanta esta distorsi\u00f3n porque mantiene a las personas en un ciclo de verg\u00fcenza, silencio y esfuerzo. Cuando crees que eres &#8220;completamente bueno&#8221; o &#8220;completamente malo&#8221;, es f\u00e1cil rendirse por completo si te quedas corto.<\/span><\/p><p><span style=\"font-weight: 400;\">Y cuando la perfecci\u00f3n se convierte en el est\u00e1ndar, el fracaso se vuelve inevitable.<\/span><\/p><p><span style=\"font-weight: 400;\">\u00bfEl resultado? Dejas de intentarlo. Dejas de confiar. Pierdes de vista la misericordia que Dios tan generosamente da.<\/span><\/p><h3><b>El pensamiento de todo o nada en la vida real:<\/b><\/h3><p><span style=\"font-weight: 400;\">Veamos algunos ejemplos de c\u00f3mo esta distorsi\u00f3n puede manifestarse en situaciones de la vida real.<\/span><\/p><ul><li style=\"font-weight: 400;\" aria-level=\"1\"><span style=\"font-weight: 400;\"><strong>Un estudiante de<\/strong> <strong>secundaria:<\/strong> reprueba un examen y cree: &#8220;Soy est\u00fapido. Nunca ser\u00e9 bueno en la escuela&#8221;. Luego deja de estudiar, lo que le hace tener peores resultados en clase, y esto cumple el mismo fracaso que tem\u00eda.<\/span><\/li><li style=\"font-weight: 400;\" aria-level=\"1\"><span style=\"font-weight: 400;\"><strong>Un empleado:<\/strong> solicita un ascenso y lo pasan por alto una vez y piensa: &#8220;Nunca ascender\u00e9. No tengo madera de l\u00edder&#8221;. Con eso en mente, deja de esforzarse al m\u00e1ximo para el siguiente ascenso. Esto provoca un descenso en su rendimiento general. La pr\u00f3xima vez que hay un ascenso, vuelven a ser ignorados.<\/span><\/li><li style=\"font-weight: 400;\" aria-level=\"1\"><span style=\"font-weight: 400;\"><strong>Un padre o madre:<\/strong> tiene un mal d\u00eda y le grita a su hijo o hija. Luego piensa: \u00abSoy un padre p\u00e9simo. No tengo paciencia\u00bb. Entonces empieza a distanciarse de su hijo y ya no intenta tenerle paciencia. Ahora cr\u00eda desde la culpa y la verg\u00fcenza, en lugar de hacerlo con amor.<\/span><\/li><\/ul><p><span style=\"font-weight: 400;\">Estas son solo algunas maneras en que esta distorsi\u00f3n puede presentarse en nuestras vidas. El pensamiento de todo o nada nos impone la perfecci\u00f3n, pero el \u00fanico perfecto es Jesucristo. No estamos llamados a la perfecci\u00f3n.<\/span><\/p><h3><b>Una profec\u00eda autocumplida:<\/b><\/h3><p><span style=\"font-weight: 400;\">El pensamiento de todo o nada, como la mayor\u00eda de las distorsiones cognitivas, crea un ciclo de autosabotaje. Crees que vas a fracasar \u2192 dejas de intentarlo \u2192 fracasas \u2192 confirmas tu creencia. Es un c\u00edrculo vicioso que se retroalimenta, y es una mentira.<\/span><\/p><p><span style=\"font-weight: 400;\">Imagina a una estudiante que se entrena durante meses para correr una carrera. El d\u00eda de la carrera, tropieza a mitad de camino, pero a\u00fan as\u00ed termina. Les dice a todos que fracas\u00f3. \u00bfY el p\u00fablico? La aclaman porque ven esfuerzo, crecimiento y valent\u00eda. La carrera nunca se trat\u00f3 de la perfecci\u00f3n. Se trat\u00f3 de dar lo mejor de uno mismo. Y en el Reino de Dios, eso es suficiente.<\/span><\/p><p><span style=\"font-weight: 400;\">Y a menudo, mezclamos esta distorsi\u00f3n con el filtrado mental: vemos solo lo malo y luego lo convertimos en algo absoluto. Esa combinaci\u00f3n es poderosa\u2026 y peligrosa.<\/span><\/p><p><span style=\"font-weight: 400;\">Una forma de contraatacar es calificarte con una escala. Intenta darte un porcentaje o una calificaci\u00f3n con letras en lugar de un veredicto de aprobado\/reprobado. \u00bfDe verdad reprobaste o sacaste un 78%? Eso no es perfecto, pero tampoco es nada. Lo est\u00e1s haciendo mejor de lo que crees.<\/span><\/p><h3><b>La verdad de Dios\/Respuesta b\u00edblica<\/b><\/h3><p><span style=\"font-weight: 400;\">Dios nunca nos exigi\u00f3 perfecci\u00f3n; envi\u00f3 a Jes\u00fas para ser nuestra perfecci\u00f3n. Somos hechos completos por gracia, no por un desempe\u00f1o impecable.<\/span><\/p><h4><span style=\"font-weight: 400;\"><strong>Romanos 3:23-24:<\/strong> \u201cPor cuanto todos pecaron y est\u00e1n destituidos de la gloria de Dios, siendo justificados gratuitamente por su gracia\u2026\u201d<\/span><\/h4><h4><span style=\"font-weight: 400;\"><strong>2 Corintios 12:9:<\/strong> \u201cTe basta con mi gracia, pues mi poder se perfecciona en la debilidad\u201d.<\/span><\/h4><p><span style=\"font-weight: 400;\">La mentalidad de todo o nada no deja espacio para Dios. Pero Dios se mueve en el medio. En el caos. En el proceso. T\u00fa no eres tu desempe\u00f1o. No te definen tus peores momentos. Eres una obra en progreso, y el Autor de tu fe a\u00fan no ha terminado de escribir tu historia. Dios no exige perfecci\u00f3n, solo tu coraz\u00f3n.<\/span><\/p><h3>Herramientas de sanaci\u00f3n y pr\u00e1cticas de pensamiento<\/h3><ul><li><span style=\"font-weight: 400;\">Reformula tu enfoque con una escala de calificaci\u00f3n: \u201cNo reprob\u00e9, obtuve una C. Eso es un margen de mejora, no una verg\u00fcenza\u201d. \u201cComplet\u00e9 4K de los 5K, eso est\u00e1 muy bien, lo har\u00e9 mejor la pr\u00f3xima vez\u201d.<\/span><\/li><li><span style=\"font-weight: 400;\">Identifica la zona gris: Enumera activamente lo que sali\u00f3 bien en la situaci\u00f3n.<\/span><\/li><li><span style=\"font-weight: 400;\">Dilo en voz alta: \u201cQue no fuera perfecto no significa que no fuera valioso\u201d.<\/span><\/li><li><span style=\"font-weight: 400;\">Diario b\u00edblico: Escribe lo que Dios dice de ti cuando el perfeccionismo se infiltra.<\/span><\/li><\/ul><h3><b>\u00a1Conectemos!<\/b><\/h3><p><span style=\"font-weight: 400;\">Pensar a todo o nada te deja vulnerable a muchos de los ataques y enga\u00f1os del enemigo. \u00bfTe encuentras sufriendo esta distorsi\u00f3n cognitiva? Creemos una comunidad que nos impulse a la verdad de Dios, no a las mentiras de este mundo.<\/span><\/p>\t\t\t\t\t\t\t\t<\/div>\n\t\t\t\t<\/div>\n\t\t\t\t\t<\/div>\n\t\t\t\t<\/div>\n\t\t\t\t<\/div>","protected":false},"excerpt":{"rendered":"<p>Distorsi\u00f3n Cognitiva: Pensamiento de Todo o Nada \u00bfQu\u00e9 es el Pensamiento de Todo o Nada? El pensamiento de todo o nada, tambi\u00e9n conocido como pensamiento en blanco y negro o pensamiento polarizado, es el h\u00e1bito mental de ver todo desde los extremos. O eres un \u00e9xito rotundo o un fracaso total. Las cosas salen a [&hellip;]<\/p>","protected":false},"author":1,"featured_media":0,"parent":0,"menu_order":0,"comment_status":"closed","ping_status":"closed","template":"","meta":{"wprm-recipe-roundup-name":"","wprm-recipe-roundup-description":"","site-sidebar-layout":"no-sidebar","site-content-layout":"page-builder","ast-site-content-layout":"full-width-container","site-content-style":"default","site-sidebar-style":"default","ast-global-header-display":"","ast-banner-title-visibility":"","ast-main-header-display":"","ast-hfb-above-header-display":"","ast-hfb-below-header-display":"","ast-hfb-mobile-header-display":"","site-post-title":"disabled","ast-breadcrumbs-content":"","ast-featured-img":"disabled","footer-sml-layout":"","ast-disable-related-posts":"","theme-transparent-header-meta":"","adv-header-id-meta":"","stick-header-meta":"","header-above-stick-meta":"","header-main-stick-meta":"","header-below-stick-meta":"","astra-migrate-meta-layouts":"default","ast-page-background-enabled":"default","ast-page-background-meta":{"desktop":{"background-color":"var(--ast-global-color-4)","background-image":"","background-repeat":"repeat","background-position":"center center","background-size":"auto","background-attachment":"scroll","background-type":"","background-media":"","overlay-type":"","overlay-color":"","overlay-opacity":"","overlay-gradient":""},"tablet":{"background-color":"","background-image":"","background-repeat":"repeat","background-position":"center center","background-size":"auto","background-attachment":"scroll","background-type":"","background-media":"","overlay-type":"","overlay-color":"","overlay-opacity":"","overlay-gradient":""},"mobile":{"background-color":"","background-image":"","background-repeat":"repeat","background-position":"center center","background-size":"auto","background-attachment":"scroll","background-type":"","background-media":"","overlay-type":"","overlay-color":"","overlay-opacity":"","overlay-gradient":""}},"ast-content-background-meta":{"desktop":{"background-color":"var(--ast-global-color-5)","background-image":"","background-repeat":"repeat","background-position":"center center","background-size":"auto","background-attachment":"scroll","background-type":"","background-media":"","overlay-type":"","overlay-color":"","overlay-opacity":"","overlay-gradient":""},"tablet":{"background-color":"var(--ast-global-color-5)","background-image":"","background-repeat":"repeat","background-position":"center center","background-size":"auto","background-attachment":"scroll","background-type":"","background-media":"","overlay-type":"","overlay-color":"","overlay-opacity":"","overlay-gradient":""},"mobile":{"background-color":"var(--ast-global-color-5)","background-image":"","background-repeat":"repeat","background-position":"center center","background-size":"auto","background-attachment":"scroll","background-type":"","background-media":"","overlay-type":"","overlay-color":"","overlay-opacity":"","overlay-gradient":""}},"footnotes":""},"class_list":["post-4985","page","type-page","status-publish","hentry"],"_links":{"self":[{"href":"https:\/\/liftingtheveilwebsite.com\/es\/wp-json\/wp\/v2\/pages\/4985","targetHints":{"allow":["GET"]}}],"collection":[{"href":"https:\/\/liftingtheveilwebsite.com\/es\/wp-json\/wp\/v2\/pages"}],"about":[{"href":"https:\/\/liftingtheveilwebsite.com\/es\/wp-json\/wp\/v2\/types\/page"}],"author":[{"embeddable":true,"href":"https:\/\/liftingtheveilwebsite.com\/es\/wp-json\/wp\/v2\/users\/1"}],"replies":[{"embeddable":true,"href":"https:\/\/liftingtheveilwebsite.com\/es\/wp-json\/wp\/v2\/comments?post=4985"}],"version-history":[{"count":4,"href":"https:\/\/liftingtheveilwebsite.com\/es\/wp-json\/wp\/v2\/pages\/4985\/revisions"}],"predecessor-version":[{"id":4989,"href":"https:\/\/liftingtheveilwebsite.com\/es\/wp-json\/wp\/v2\/pages\/4985\/revisions\/4989"}],"wp:attachment":[{"href":"https:\/\/liftingtheveilwebsite.com\/es\/wp-json\/wp\/v2\/media?parent=4985"}],"curies":[{"name":"wp","href":"https:\/\/api.w.org\/{rel}","templated":true}]}}